{"id":2501,"date":"2018-10-19T11:14:51","date_gmt":"2018-10-19T11:14:51","guid":{"rendered":"https:\/\/academiateba.es\/app-guardia-civil\/?page_id=2501"},"modified":"2021-01-11T11:11:05","modified_gmt":"2021-01-11T11:11:05","slug":"aviso-legal","status":"publish","type":"page","link":"https:\/\/www.academiateba.es\/app-guardia-civil\/aviso-legal\/","title":{"rendered":"Aviso legal"},"content":{"rendered":"<section class=\"kc-elm kc-css-89381 kc_row\"><div class=\"kc-row-container  kc-container\"><div class=\"kc-wrap-columns\"><div class=\"kc-elm kc-css-676340 kc_col-sm-12 kc_column kc_col-sm-12\"><div class=\"kc-col-container\"><div class=\"kc-elm kc-css-740816 kc_text_block\"><\/p>\n<p>\n<span style=\"font-family: Roboto, sans-serif;\">Academia Teba, S.L., en cumplimiento de la Ley 34\/2002, de 11 de julio, de servicios de la sociedad de la informaci\u00f3n y de comercio electr\u00f3nico, le informa de los siguientes puntos:<\/span><\/p>\n<p><strong><span style=\"font-family: Roboto, sans-serif;\">El CIF es B19635523<\/span><\/strong><br style=\"box-sizing: border-box; font-family: Roboto, sans-serif;\" \/><strong><span style=\"font-family: Roboto, sans-serif;\">Direcci\u00f3n: C\/ F\u00e9lix Rodr\u00edguez de la Fuente, 1, 18006 Granada, Espa\u00f1a.<\/span><\/strong><br style=\"box-sizing: border-box; font-family: Roboto, sans-serif;\" \/><strong><span style=\"font-family: Roboto, sans-serif;\">Web: http:\/\/academiateba.es\/<\/span><\/strong><br style=\"box-sizing: border-box; margin-bottom: 0px; font-family: Roboto, sans-serif;\" \/><strong><span style=\"font-family: Roboto, sans-serif;\">Correo electr\u00f3nico: info@academiateba.es<\/span><\/strong><\/p>\n<p>\n<\/div><div class=\"kc-elm kc-css-881535\" style=\"height: 50px; clear: both; width:100%;\"><\/div>\n<div class=\"kc-elm kc-css-154417 kc-title-wrap \">\n\n\t<h2 class=\"kc_title\">T\u00e9rminos y condiciones de uso<\/h2>\n<\/div>\n<div class=\"kc-elm kc-css-341358 kc_text_block\"><\/p>\n<p>\nAl acceder al sitio Web ubicado en la direcci\u00f3n http:\/\/academiateba.es (en adelante, el \u201cSitio Web\u201d), que es propiedad de Academia Teba, S.L. y\/o a cualquiera de las p\u00e1ginas que a trav\u00e9s del mismo puede conocer, el usuario asume el compromiso de seguir y cumplir los t\u00e9rminos y condiciones que se indicar\u00e1n a continuaci\u00f3n (en adelante los \u201cT\u00e9rminos y Condiciones\u201d). En caso de que no est\u00e9 de acuerdo con los T\u00e9rminos y Condiciones le rogamos que se abstenga de utilizar el Sitio Web.<\/p>\n<p>\n<\/div><div class=\"kc-elm kc-css-110187\" style=\"height: 50px; clear: both; width:100%;\"><\/div>\n<div class=\"kc-elm kc-css-548549 kc-title-wrap \">\n\n\t<h2 class=\"kc_title\">Propiedad intelectual<\/h2>\n<\/div>\n<div class=\"kc-elm kc-css-835274 kc_text_block\"><\/p>\n<p>\nAcademia Teba, S.L. no se responsabiliza del posible uso inapropiado que terceros realicen de esta p\u00e1gina Web, ni de la informaci\u00f3n que a trav\u00e9s de ella transmitan a terceros. El uso que de estos pueda hacer el usuario y las eventuales consecuencias, da\u00f1os o perjuicios que pudiesen derivarse, son de la exclusiva responsabilidad del usuario. Academia Teba, S.L. se reserva el derecho de ejercitar las acciones legales que considere oportunas derivadas de cualesquiera usos il\u00edcitos por parte de terceros de los contenidos de su p\u00e1gina Web. La utilizaci\u00f3n no autorizada de la informaci\u00f3n contenida en esta Web, as\u00ed como la lesi\u00f3n de los derechos de Propiedad Intelectual, dar\u00e1 lugar a las responsabilidades legalmente establecidas.<\/p>\n<p>\n<\/div><div class=\"kc-elm kc-css-226423\" style=\"height: 50px; clear: both; width:100%;\"><\/div>\n<div class=\"kc-elm kc-css-365795 kc-title-wrap \">\n\n\t<h2 class=\"kc_title\">Informaci\u00f3n sobre propiedad intelectual, responsabilidad por el proceso y uso de los contenidos en Internet<\/h2>\n<\/div>\n<div class=\"kc-elm kc-css-891705 kc_text_block\"><\/p>\n<p>\nAcademia Teba, S.L. no se responsabiliza del posible uso inapropiado que terceros realicen de esta p\u00e1gina Web, ni de la informaci\u00f3n que a trav\u00e9s de ella transmitan a terceros. El uso que de estos pueda hacer el usuario y las eventuales consecuencias, da\u00f1os o perjuicios que pudiesen derivarse, son de la exclusiva responsabilidad del usuario. Academia Teba, S.L. se reserva el derecho de ejercitar las acciones legales que considere oportunas derivadas de cualesquiera usos il\u00edcitos por parte de terceros de los contenidos de su p\u00e1gina Web. La utilizaci\u00f3n no autorizada de la informaci\u00f3n contenida en esta Web, as\u00ed como la lesi\u00f3n de los derechos de Propiedad Intelectual, dar\u00e1 lugar a las responsabilidades legalmente establecidas.<\/p>\n<p>\n<\/div><\/div><\/div><\/div><\/div><\/section>\n","protected":false},"excerpt":{"rendered":"","protected":false},"author":1,"featured_media":0,"parent":0,"menu_order":0,"comment_status":"closed","ping_status":"closed","template":"","meta":{"_exactmetrics_skip_tracking":false,"_exactmetrics_sitenote_active":false,"_exactmetrics_sitenote_note":"","_exactmetrics_sitenote_category":0,"footnotes":""},"class_list":["post-2501","page","type-page","status-publish","hentry"],"yoast_head":"<!-- This site is optimized with the Yoast SEO plugin v23.4 - https:\/\/yoast.com\/wordpress\/plugins\/seo\/ -->\n<title>Aviso legal - App de Oposiciones de Guardia Civil - Academia Teba<\/title>\n<meta name=\"robots\" content=\"noindex, follow\" \/>\n<meta property=\"og:locale\" content=\"es_ES\" \/>\n<meta property=\"og:type\" content=\"article\" \/>\n<meta property=\"og:title\" content=\"Aviso legal - App de Oposiciones de Guardia Civil - Academia Teba\" \/>\n<meta property=\"og:description\" content=\"Academia Teba, S.L., en cumplimiento de la Ley 34\/2002, de 11 de julio, de servicios [&hellip;]\" \/>\n<meta property=\"og:url\" content=\"https:\/\/www.academiateba.es\/app-guardia-civil\/aviso-legal\/\" \/>\n<meta property=\"og:site_name\" content=\"App de Oposiciones de Guardia Civil - Academia Teba\" \/>\n<meta property=\"article:modified_time\" content=\"2021-01-11T11:11:05+00:00\" \/>\n<meta name=\"twitter:card\" content=\"summary_large_image\" \/>\n<meta name=\"twitter:label1\" content=\"Tiempo de lectura\" \/>\n\t<meta name=\"twitter:data1\" content=\"2 minutos\" \/>\n<script type=\"application\/ld+json\" class=\"yoast-schema-graph\">{\"@context\":\"https:\/\/schema.org\",\"@graph\":[{\"@type\":\"WebPage\",\"@id\":\"https:\/\/www.academiateba.es\/app-guardia-civil\/aviso-legal\/\",\"url\":\"https:\/\/www.academiateba.es\/app-guardia-civil\/aviso-legal\/\",\"name\":\"Aviso legal - App de Oposiciones de Guardia Civil - Academia Teba\",\"isPartOf\":{\"@id\":\"https:\/\/www.academiateba.es\/app-guardia-civil\/#website\"},\"datePublished\":\"2018-10-19T11:14:51+00:00\",\"dateModified\":\"2021-01-11T11:11:05+00:00\",\"breadcrumb\":{\"@id\":\"https:\/\/www.academiateba.es\/app-guardia-civil\/aviso-legal\/#breadcrumb\"},\"inLanguage\":\"es\",\"potentialAction\":[{\"@type\":\"ReadAction\",\"target\":[\"https:\/\/www.academiateba.es\/app-guardia-civil\/aviso-legal\/\"]}]},{\"@type\":\"BreadcrumbList\",\"@id\":\"https:\/\/www.academiateba.es\/app-guardia-civil\/aviso-legal\/#breadcrumb\",\"itemListElement\":[{\"@type\":\"ListItem\",\"position\":1,\"name\":\"Portada\",\"item\":\"https:\/\/www.academiateba.es\/app-guardia-civil\/\"},{\"@type\":\"ListItem\",\"position\":2,\"name\":\"Aviso legal\"}]},{\"@type\":\"WebSite\",\"@id\":\"https:\/\/www.academiateba.es\/app-guardia-civil\/#website\",\"url\":\"https:\/\/www.academiateba.es\/app-guardia-civil\/\",\"name\":\"App de Oposiciones de Guardia Civil - Academia Teba\",\"description\":\"Oposiciones de Guardia Civil de Academia Teba\",\"publisher\":{\"@id\":\"https:\/\/www.academiateba.es\/app-guardia-civil\/#organization\"},\"potentialAction\":[{\"@type\":\"SearchAction\",\"target\":{\"@type\":\"EntryPoint\",\"urlTemplate\":\"https:\/\/www.academiateba.es\/app-guardia-civil\/?s={search_term_string}\"},\"query-input\":{\"@type\":\"PropertyValueSpecification\",\"valueRequired\":true,\"valueName\":\"search_term_string\"}}],\"inLanguage\":\"es\"},{\"@type\":\"Organization\",\"@id\":\"https:\/\/www.academiateba.es\/app-guardia-civil\/#organization\",\"name\":\"App de Oposiciones de Guardia Civil - Academia Teba\",\"url\":\"https:\/\/www.academiateba.es\/app-guardia-civil\/\",\"logo\":{\"@type\":\"ImageObject\",\"inLanguage\":\"es\",\"@id\":\"https:\/\/www.academiateba.es\/app-guardia-civil\/#\/schema\/logo\/image\/\",\"url\":\"https:\/\/www.academiateba.es\/app-guardia-civil\/wp-content\/uploads\/2018\/10\/logo-app-academia-teba.png\",\"contentUrl\":\"https:\/\/www.academiateba.es\/app-guardia-civil\/wp-content\/uploads\/2018\/10\/logo-app-academia-teba.png\",\"width\":2013,\"height\":278,\"caption\":\"App de Oposiciones de Guardia Civil - Academia Teba\"},\"image\":{\"@id\":\"https:\/\/www.academiateba.es\/app-guardia-civil\/#\/schema\/logo\/image\/\"}}]}<\/script>\n<!-- \/ Yoast SEO plugin. -->","yoast_head_json":{"title":"Aviso legal - App de Oposiciones de Guardia Civil - Academia Teba","robots":{"index":"noindex","follow":"follow"},"og_locale":"es_ES","og_type":"article","og_title":"Aviso legal - App de Oposiciones de Guardia Civil - Academia Teba","og_description":"Academia Teba, S.L., en cumplimiento de la Ley 34\/2002, de 11 de julio, de servicios [&hellip;]","og_url":"https:\/\/www.academiateba.es\/app-guardia-civil\/aviso-legal\/","og_site_name":"App de Oposiciones de Guardia Civil - Academia Teba","article_modified_time":"2021-01-11T11:11:05+00:00","twitter_card":"summary_large_image","twitter_misc":{"Tiempo de lectura":"2 minutos"},"schema":{"@context":"https:\/\/schema.org","@graph":[{"@type":"WebPage","@id":"https:\/\/www.academiateba.es\/app-guardia-civil\/aviso-legal\/","url":"https:\/\/www.academiateba.es\/app-guardia-civil\/aviso-legal\/","name":"Aviso legal - App de Oposiciones de Guardia Civil - Academia Teba","isPartOf":{"@id":"https:\/\/www.academiateba.es\/app-guardia-civil\/#website"},"datePublished":"2018-10-19T11:14:51+00:00","dateModified":"2021-01-11T11:11:05+00:00","breadcrumb":{"@id":"https:\/\/www.academiateba.es\/app-guardia-civil\/aviso-legal\/#breadcrumb"},"inLanguage":"es","potentialAction":[{"@type":"ReadAction","target":["https:\/\/www.academiateba.es\/app-guardia-civil\/aviso-legal\/"]}]},{"@type":"BreadcrumbList","@id":"https:\/\/www.academiateba.es\/app-guardia-civil\/aviso-legal\/#breadcrumb","itemListElement":[{"@type":"ListItem","position":1,"name":"Portada","item":"https:\/\/www.academiateba.es\/app-guardia-civil\/"},{"@type":"ListItem","position":2,"name":"Aviso legal"}]},{"@type":"WebSite","@id":"https:\/\/www.academiateba.es\/app-guardia-civil\/#website","url":"https:\/\/www.academiateba.es\/app-guardia-civil\/","name":"App de Oposiciones de Guardia Civil - Academia Teba","description":"Oposiciones de Guardia Civil de Academia Teba","publisher":{"@id":"https:\/\/www.academiateba.es\/app-guardia-civil\/#organization"},"potentialAction":[{"@type":"SearchAction","target":{"@type":"EntryPoint","urlTemplate":"https:\/\/www.academiateba.es\/app-guardia-civil\/?s={search_term_string}"},"query-input":{"@type":"PropertyValueSpecification","valueRequired":true,"valueName":"search_term_string"}}],"inLanguage":"es"},{"@type":"Organization","@id":"https:\/\/www.academiateba.es\/app-guardia-civil\/#organization","name":"App de Oposiciones de Guardia Civil - Academia Teba","url":"https:\/\/www.academiateba.es\/app-guardia-civil\/","logo":{"@type":"ImageObject","inLanguage":"es","@id":"https:\/\/www.academiateba.es\/app-guardia-civil\/#\/schema\/logo\/image\/","url":"https:\/\/www.academiateba.es\/app-guardia-civil\/wp-content\/uploads\/2018\/10\/logo-app-academia-teba.png","contentUrl":"https:\/\/www.academiateba.es\/app-guardia-civil\/wp-content\/uploads\/2018\/10\/logo-app-academia-teba.png","width":2013,"height":278,"caption":"App de Oposiciones de Guardia Civil - Academia Teba"},"image":{"@id":"https:\/\/www.academiateba.es\/app-guardia-civil\/#\/schema\/logo\/image\/"}}]}},"_links":{"self":[{"href":"https:\/\/www.academiateba.es\/app-guardia-civil\/wp-json\/wp\/v2\/pages\/2501"}],"collection":[{"href":"https:\/\/www.academiateba.es\/app-guardia-civil\/wp-json\/wp\/v2\/pages"}],"about":[{"href":"https:\/\/www.academiateba.es\/app-guardia-civil\/wp-json\/wp\/v2\/types\/page"}],"author":[{"embeddable":true,"href":"https:\/\/www.academiateba.es\/app-guardia-civil\/wp-json\/wp\/v2\/users\/1"}],"replies":[{"embeddable":true,"href":"https:\/\/www.academiateba.es\/app-guardia-civil\/wp-json\/wp\/v2\/comments?post=2501"}],"version-history":[{"count":6,"href":"https:\/\/www.academiateba.es\/app-guardia-civil\/wp-json\/wp\/v2\/pages\/2501\/revisions"}],"predecessor-version":[{"id":2763,"href":"https:\/\/www.academiateba.es\/app-guardia-civil\/wp-json\/wp\/v2\/pages\/2501\/revisions\/2763"}],"wp:attachment":[{"href":"https:\/\/www.academiateba.es\/app-guardia-civil\/wp-json\/wp\/v2\/media?parent=2501"}],"curies":[{"name":"wp","href":"https:\/\/api.w.org\/{rel}","templated":true}]}}