{"id":2506,"date":"2018-10-19T11:28:57","date_gmt":"2018-10-19T11:28:57","guid":{"rendered":"https:\/\/academiateba.es\/app-guardia-civil\/aviso-legal-copy\/"},"modified":"2021-01-11T11:11:35","modified_gmt":"2021-01-11T11:11:35","slug":"politica-de-privacidad","status":"publish","type":"page","link":"https:\/\/www.academiateba.es\/app-guardia-civil\/politica-de-privacidad\/","title":{"rendered":"Pol\u00edtica de privacidad"},"content":{"rendered":"<section class=\"kc-elm kc-css-994760 kc_row\"><div class=\"kc-row-container  kc-container\"><div class=\"kc-wrap-columns\"><div class=\"kc-elm kc-css-234011 kc_col-sm-12 kc_column kc_col-sm-12\"><div class=\"kc-col-container\">\n<div class=\"kc-elm kc-css-313818 kc-title-wrap \">\n\n\t<h2 class=\"kc_title\">\u00bfQui\u00e9n es el responsable del tratamiento de tus datos?<\/h2>\n<\/div>\n<div class=\"kc-elm kc-css-516522 kc_text_block\"><\/p>\n<p>ACADEMIA TEBA, S.L., con CIF B19635523<\/p>\n<p>Direcci\u00f3n Fiscal: C\/ F\u00e9lix Rodr\u00edguez de la Fuente, 1, 18006 Granada, Espa\u00f1a<\/p>\n<p>Tlf:\u00a0 958 943 902 \u2013 958 129 698 \u00a0 Email: info@academiateba.es<\/p>\n<p>\n<\/div><div class=\"kc-elm kc-css-717150\" style=\"height: 50px; clear: both; width:100%;\"><\/div>\n<div class=\"kc-elm kc-css-312550 kc-title-wrap \">\n\n\t<h2 class=\"kc_title\">\u00bfCon qu\u00e9 finalidad tratamos tus datos personales?<\/h2>\n<\/div>\n<div class=\"kc-elm kc-css-178285 kc_text_block\"><\/p>\n<p>En ACADEMIA TEBA tratamos la informaci\u00f3n que nos facilitan las personas interesadas a trav\u00e9s de nuestros formularios de contacto, llamada telef\u00f3nica o chat con el fin de dar informaci\u00f3n de car\u00e1cter comercial sobre los servicios que prestamos en nuestro centro. En caso de rellenar los formularios pidiendo informaci\u00f3n o contactarnos por chat directamente, estar\u00e1s aceptando que nos pongamos en contacto contigo para este fin.<\/p>\n<p>\n<\/div><div class=\"kc-elm kc-css-739548\" style=\"height: 50px; clear: both; width:100%;\"><\/div>\n<div class=\"kc-elm kc-css-195169 kc-title-wrap \">\n\n\t<h2 class=\"kc_title\">\u00bfPor cu\u00e1nto tiempo conservaremos tus datos?<\/h2>\n<\/div>\n<div class=\"kc-elm kc-css-935261 kc_text_block\"><\/p>\n<p>Los datos personales proporcionados por parte a trav\u00e9s de nuestra web\u00a0<a href=\"http:\/\/www.cymtech.es\/\">www.academiateba.es<\/a>, v\u00eda email, formulario de contacto, o chat se conservar\u00e1n con el fin de mantenerte informado de nuestros productos y servicios hasta que t\u00fa nos indiques lo contrario.<\/p>\n<p>\n<\/div><div class=\"kc-elm kc-css-780460\" style=\"height: 50px; clear: both; width:100%;\"><\/div>\n<div class=\"kc-elm kc-css-599613 kc-title-wrap \">\n\n\t<h2 class=\"kc_title\">\u00bfCu\u00e1l es la legitimaci\u00f3n para el tratamiento de tus datos?<\/h2>\n<\/div>\n<div class=\"kc-elm kc-css-410629 kc_text_block\"><\/p>\n<p>La base legal para el tratamiento de sus datos es la prestaci\u00f3n de los servicios que nos solicites y tu propio inter\u00e9s por los servicios que esta academia puede ofrecerte.<\/p>\n<p>\n<\/div><div class=\"kc-elm kc-css-840415\" style=\"height: 50px; clear: both; width:100%;\"><\/div>\n<div class=\"kc-elm kc-css-124839 kc-title-wrap \">\n\n\t<h2 class=\"kc_title\">\u00bfA qu\u00e9 destinatarios se comunicar\u00e1n sus datos?<\/h2>\n<\/div>\n<div class=\"kc-elm kc-css-816807 kc_text_block\"><\/p>\n<p>Los datos no se comunicar\u00e1n ni ceder\u00e1n a terceros ajenos a la empresa salvo sin tu consentimiento. No obstante y para la prestaci\u00f3n del servicio dependiendo de la opci\u00f3n finalmente contratada, es posible que ciertos proveedores nuestros puedan tener acceso a la informaci\u00f3n que nos proporciones. Todos los terceros con los que ACADEMIA TEBA trabaja est\u00e1n en cumplimiento de lo establecido en el RGPD. Para m\u00e1s informaci\u00f3n sobre este tema no dudes en contactarnos para darte m\u00e1s informaci\u00f3n.<\/p>\n<p>\n<\/div><div class=\"kc-elm kc-css-943267\" style=\"height: 50px; clear: both; width:100%;\"><\/div>\n<div class=\"kc-elm kc-css-596201 kc-title-wrap \">\n\n\t<h2 class=\"kc_title\">\u00bfCu\u00e1les son tus derechos cuando nos facilitas tus datos?<\/h2>\n<\/div>\n<div class=\"kc-elm kc-css-464163 kc_text_block\"><\/p>\n<p>Cualquier persona tiene derecho a obtener confirmaci\u00f3n sobre si en ACADEMIA TEBA estamos tratando datos personales que les conciernan, o no.<\/p>\n<p>Las personas interesadas tienen derecho a acceder a sus datos personales, as\u00ed como a solicitar la rectificaci\u00f3n de los datos inexactos o, en su caso, solicitar su supresi\u00f3n cuando, entre otros motivos, los datos ya no sean necesarios para los fines que fueron recogidos. Adicionalmente, se puede ejercer el derecho a la portabilidad de la informaci\u00f3n que ACADEMIA TEBA mantiene de ti, de forma que siempre te la daremos en un formato legible y de uso com\u00fan, as\u00ed como a la cancelaci\u00f3n y borrado de los datos que tengamos de ti, siempre y cuando el borrado no implique el incumplimiento de legislaci\u00f3n por nuestra parte, en cuyo caso los bloquearemos para motivos hist\u00f3ricos \u00fanicamente para el uso de las acciones previstas en dicha normativa.<\/p>\n<p>Para ello basta con que nos env\u00edes un email solicit\u00e1ndoslo a info@academiateba.es y comenzaremos con el tr\u00e1mite necesario.<\/p>\n<p>\n<\/div><div class=\"kc-elm kc-css-47360\" style=\"height: 50px; clear: both; width:100%;\"><\/div>\n<div class=\"kc-elm kc-css-630801 kc-title-wrap \">\n\n\t<h2 class=\"kc_title\">\u00bfC\u00f3mo obtenemos tus datos?<\/h2>\n<\/div>\n<div class=\"kc-elm kc-css-271453 kc_text_block\"><\/p>\n<p>Los datos personales que tratamos en ACADEMIA TEBA siempre proceden del interesado y son proporcionados por t\u00ed en los diferentes medios de recogida de datos de la web.<\/p>\n<p>Las categor\u00edas de datos que se tratan son: tu nombre, tel\u00e9fono, email as\u00ed como direcciones postales o electr\u00f3nicas. No se tratan datos especialmente protegidos.<\/p>\n<p>\n<\/div><\/div><\/div><\/div><\/div><\/section>\n","protected":false},"excerpt":{"rendered":"","protected":false},"author":1,"featured_media":0,"parent":0,"menu_order":0,"comment_status":"closed","ping_status":"closed","template":"","meta":{"_exactmetrics_skip_tracking":false,"_exactmetrics_sitenote_active":false,"_exactmetrics_sitenote_note":"","_exactmetrics_sitenote_category":0,"footnotes":""},"class_list":["post-2506","page","type-page","status-publish","hentry"],"yoast_head":"<!-- This site is optimized with the Yoast SEO plugin v23.4 - https:\/\/yoast.com\/wordpress\/plugins\/seo\/ -->\n<title>Pol\u00edtica de privacidad - App de Oposiciones de Guardia Civil - Academia Teba<\/title>\n<meta name=\"robots\" content=\"noindex, follow\" \/>\n<meta property=\"og:locale\" content=\"es_ES\" \/>\n<meta property=\"og:type\" content=\"article\" \/>\n<meta property=\"og:title\" content=\"Pol\u00edtica de privacidad - App de Oposiciones de Guardia Civil - Academia Teba\" \/>\n<meta property=\"og:description\" content=\"\u00bfQui\u00e9n es el responsable del tratamiento de tus datos? ACADEMIA TEBA, S.L., con CIF B19635523 [&hellip;]\" \/>\n<meta property=\"og:url\" content=\"https:\/\/www.academiateba.es\/app-guardia-civil\/politica-de-privacidad\/\" \/>\n<meta property=\"og:site_name\" content=\"App de Oposiciones de Guardia Civil - Academia Teba\" \/>\n<meta property=\"article:modified_time\" content=\"2021-01-11T11:11:35+00:00\" \/>\n<meta name=\"twitter:card\" content=\"summary_large_image\" \/>\n<meta name=\"twitter:label1\" content=\"Tiempo de lectura\" \/>\n\t<meta name=\"twitter:data1\" content=\"3 minutos\" \/>\n<script type=\"application\/ld+json\" class=\"yoast-schema-graph\">{\"@context\":\"https:\/\/schema.org\",\"@graph\":[{\"@type\":\"WebPage\",\"@id\":\"https:\/\/www.academiateba.es\/app-guardia-civil\/politica-de-privacidad\/\",\"url\":\"https:\/\/www.academiateba.es\/app-guardia-civil\/politica-de-privacidad\/\",\"name\":\"Pol\u00edtica de privacidad - App de Oposiciones de Guardia Civil - Academia Teba\",\"isPartOf\":{\"@id\":\"https:\/\/www.academiateba.es\/app-guardia-civil\/#website\"},\"datePublished\":\"2018-10-19T11:28:57+00:00\",\"dateModified\":\"2021-01-11T11:11:35+00:00\",\"breadcrumb\":{\"@id\":\"https:\/\/www.academiateba.es\/app-guardia-civil\/politica-de-privacidad\/#breadcrumb\"},\"inLanguage\":\"es\",\"potentialAction\":[{\"@type\":\"ReadAction\",\"target\":[\"https:\/\/www.academiateba.es\/app-guardia-civil\/politica-de-privacidad\/\"]}]},{\"@type\":\"BreadcrumbList\",\"@id\":\"https:\/\/www.academiateba.es\/app-guardia-civil\/politica-de-privacidad\/#breadcrumb\",\"itemListElement\":[{\"@type\":\"ListItem\",\"position\":1,\"name\":\"Portada\",\"item\":\"https:\/\/www.academiateba.es\/app-guardia-civil\/\"},{\"@type\":\"ListItem\",\"position\":2,\"name\":\"Pol\u00edtica de privacidad\"}]},{\"@type\":\"WebSite\",\"@id\":\"https:\/\/www.academiateba.es\/app-guardia-civil\/#website\",\"url\":\"https:\/\/www.academiateba.es\/app-guardia-civil\/\",\"name\":\"App de Oposiciones de Guardia Civil - Academia Teba\",\"description\":\"Oposiciones de Guardia Civil de Academia Teba\",\"publisher\":{\"@id\":\"https:\/\/www.academiateba.es\/app-guardia-civil\/#organization\"},\"potentialAction\":[{\"@type\":\"SearchAction\",\"target\":{\"@type\":\"EntryPoint\",\"urlTemplate\":\"https:\/\/www.academiateba.es\/app-guardia-civil\/?s={search_term_string}\"},\"query-input\":{\"@type\":\"PropertyValueSpecification\",\"valueRequired\":true,\"valueName\":\"search_term_string\"}}],\"inLanguage\":\"es\"},{\"@type\":\"Organization\",\"@id\":\"https:\/\/www.academiateba.es\/app-guardia-civil\/#organization\",\"name\":\"App de Oposiciones de Guardia Civil - Academia Teba\",\"url\":\"https:\/\/www.academiateba.es\/app-guardia-civil\/\",\"logo\":{\"@type\":\"ImageObject\",\"inLanguage\":\"es\",\"@id\":\"https:\/\/www.academiateba.es\/app-guardia-civil\/#\/schema\/logo\/image\/\",\"url\":\"https:\/\/www.academiateba.es\/app-guardia-civil\/wp-content\/uploads\/2018\/10\/logo-app-academia-teba.png\",\"contentUrl\":\"https:\/\/www.academiateba.es\/app-guardia-civil\/wp-content\/uploads\/2018\/10\/logo-app-academia-teba.png\",\"width\":2013,\"height\":278,\"caption\":\"App de Oposiciones de Guardia Civil - Academia Teba\"},\"image\":{\"@id\":\"https:\/\/www.academiateba.es\/app-guardia-civil\/#\/schema\/logo\/image\/\"}}]}<\/script>\n<!-- \/ Yoast SEO plugin. -->","yoast_head_json":{"title":"Pol\u00edtica de privacidad - App de Oposiciones de Guardia Civil - Academia Teba","robots":{"index":"noindex","follow":"follow"},"og_locale":"es_ES","og_type":"article","og_title":"Pol\u00edtica de privacidad - App de Oposiciones de Guardia Civil - Academia Teba","og_description":"\u00bfQui\u00e9n es el responsable del tratamiento de tus datos? ACADEMIA TEBA, S.L., con CIF B19635523 [&hellip;]","og_url":"https:\/\/www.academiateba.es\/app-guardia-civil\/politica-de-privacidad\/","og_site_name":"App de Oposiciones de Guardia Civil - Academia Teba","article_modified_time":"2021-01-11T11:11:35+00:00","twitter_card":"summary_large_image","twitter_misc":{"Tiempo de lectura":"3 minutos"},"schema":{"@context":"https:\/\/schema.org","@graph":[{"@type":"WebPage","@id":"https:\/\/www.academiateba.es\/app-guardia-civil\/politica-de-privacidad\/","url":"https:\/\/www.academiateba.es\/app-guardia-civil\/politica-de-privacidad\/","name":"Pol\u00edtica de privacidad - App de Oposiciones de Guardia Civil - Academia Teba","isPartOf":{"@id":"https:\/\/www.academiateba.es\/app-guardia-civil\/#website"},"datePublished":"2018-10-19T11:28:57+00:00","dateModified":"2021-01-11T11:11:35+00:00","breadcrumb":{"@id":"https:\/\/www.academiateba.es\/app-guardia-civil\/politica-de-privacidad\/#breadcrumb"},"inLanguage":"es","potentialAction":[{"@type":"ReadAction","target":["https:\/\/www.academiateba.es\/app-guardia-civil\/politica-de-privacidad\/"]}]},{"@type":"BreadcrumbList","@id":"https:\/\/www.academiateba.es\/app-guardia-civil\/politica-de-privacidad\/#breadcrumb","itemListElement":[{"@type":"ListItem","position":1,"name":"Portada","item":"https:\/\/www.academiateba.es\/app-guardia-civil\/"},{"@type":"ListItem","position":2,"name":"Pol\u00edtica de privacidad"}]},{"@type":"WebSite","@id":"https:\/\/www.academiateba.es\/app-guardia-civil\/#website","url":"https:\/\/www.academiateba.es\/app-guardia-civil\/","name":"App de Oposiciones de Guardia Civil - Academia Teba","description":"Oposiciones de Guardia Civil de Academia Teba","publisher":{"@id":"https:\/\/www.academiateba.es\/app-guardia-civil\/#organization"},"potentialAction":[{"@type":"SearchAction","target":{"@type":"EntryPoint","urlTemplate":"https:\/\/www.academiateba.es\/app-guardia-civil\/?s={search_term_string}"},"query-input":{"@type":"PropertyValueSpecification","valueRequired":true,"valueName":"search_term_string"}}],"inLanguage":"es"},{"@type":"Organization","@id":"https:\/\/www.academiateba.es\/app-guardia-civil\/#organization","name":"App de Oposiciones de Guardia Civil - Academia Teba","url":"https:\/\/www.academiateba.es\/app-guardia-civil\/","logo":{"@type":"ImageObject","inLanguage":"es","@id":"https:\/\/www.academiateba.es\/app-guardia-civil\/#\/schema\/logo\/image\/","url":"https:\/\/www.academiateba.es\/app-guardia-civil\/wp-content\/uploads\/2018\/10\/logo-app-academia-teba.png","contentUrl":"https:\/\/www.academiateba.es\/app-guardia-civil\/wp-content\/uploads\/2018\/10\/logo-app-academia-teba.png","width":2013,"height":278,"caption":"App de Oposiciones de Guardia Civil - Academia Teba"},"image":{"@id":"https:\/\/www.academiateba.es\/app-guardia-civil\/#\/schema\/logo\/image\/"}}]}},"_links":{"self":[{"href":"https:\/\/www.academiateba.es\/app-guardia-civil\/wp-json\/wp\/v2\/pages\/2506"}],"collection":[{"href":"https:\/\/www.academiateba.es\/app-guardia-civil\/wp-json\/wp\/v2\/pages"}],"about":[{"href":"https:\/\/www.academiateba.es\/app-guardia-civil\/wp-json\/wp\/v2\/types\/page"}],"author":[{"embeddable":true,"href":"https:\/\/www.academiateba.es\/app-guardia-civil\/wp-json\/wp\/v2\/users\/1"}],"replies":[{"embeddable":true,"href":"https:\/\/www.academiateba.es\/app-guardia-civil\/wp-json\/wp\/v2\/comments?post=2506"}],"version-history":[{"count":3,"href":"https:\/\/www.academiateba.es\/app-guardia-civil\/wp-json\/wp\/v2\/pages\/2506\/revisions"}],"predecessor-version":[{"id":2766,"href":"https:\/\/www.academiateba.es\/app-guardia-civil\/wp-json\/wp\/v2\/pages\/2506\/revisions\/2766"}],"wp:attachment":[{"href":"https:\/\/www.academiateba.es\/app-guardia-civil\/wp-json\/wp\/v2\/media?parent=2506"}],"curies":[{"name":"wp","href":"https:\/\/api.w.org\/{rel}","templated":true}]}}