{"id":2523,"date":"2018-10-19T12:14:28","date_gmt":"2018-10-19T12:14:28","guid":{"rendered":"https:\/\/academiateba.es\/app-guardia-civil\/aviso-legal-copy\/"},"modified":"2021-01-11T11:11:49","modified_gmt":"2021-01-11T11:11:49","slug":"politica-de-venta-cancelaciones-y-metodos-de-pago","status":"publish","type":"page","link":"https:\/\/www.academiateba.es\/app-guardia-civil\/politica-de-venta-cancelaciones-y-metodos-de-pago\/","title":{"rendered":"Pol\u00edtica de venta, cancelaciones y m\u00e9todos de pago"},"content":{"rendered":"<section class=\"kc-elm kc-css-143634 kc_row\"><div class=\"kc-row-container  kc-container\"><div class=\"kc-wrap-columns\"><div class=\"kc-elm kc-css-481730 kc_col-sm-12 kc_column kc_col-sm-12\"><div class=\"kc-col-container\">\n<div class=\"kc-elm kc-css-629776 kc-title-wrap \">\n\n\t<h2 class=\"kc_title\">Pol\u00edtica de venta<\/h2>\n<\/div>\n<div class=\"kc-elm kc-css-460092 kc_text_block\"><\/p>\n<p>Estas condiciones son importantes tanto para usted como para Academia Teba S.L. puesto que han sido dise\u00f1adas para crear un acuerdo legalmente vinculante entre nosotros, protegiendo sus derechos como cliente y los nuestros como empresa.<\/p>\n<p>Les rogamos que lean atentamente las presentes condiciones y nuestra pol\u00edtica de privacidad antes de confirmar su pago para realizar el pedido.<\/p>\n<p>Actualmente, la contrataci\u00f3n de productos y servicios a trav\u00e9s de la app de Academia Teba S.L. es \u00fanicamente puede realizarse en castellano.<\/p>\n<p>Academia Teba S.L. no conservar\u00e1 una copia de las presentes condiciones vinculada a cada compra, por lo que recomendamos que conserve usted una copia de las mismas en cada compra.<\/p>\n<p>\n<\/div><div class=\"kc-elm kc-css-752416\" style=\"height: 50px; clear: both; width:100%;\"><\/div>\n<div class=\"kc-elm kc-css-50882 kc-title-wrap \">\n\n\t<h4 class=\"kc_title\">Pedido<\/h4>\n<\/div>\n<div class=\"kc-elm kc-css-778736 kc_text_block\"><\/p>\n<p>El hecho de realizar usted un pedido en la app de Academia Teba S.L., equivale a la aceptaci\u00f3n plena y entera de los precios, de la descripci\u00f3n de los productos a la venta y de las condiciones generales de venta, que ser\u00e1n las \u00fanicas aplicables al contrato as\u00ed concluido.<\/p>\n<p>Usted se compromete a hacer uso de la app para realizar consultas o pedidos legalmente v\u00e1lidos. Tambi\u00e9n se obliga usted a facilitarnos de manera cierta y correcta su direcci\u00f3n de correo electr\u00f3nico, direcci\u00f3n postal y\/u otros datos de contacto, declarando conocer que podemos hacer uso de esta informaci\u00f3n para ponernos en contacto con usted si es necesario de acuerdo con nuestra pol\u00edtica de privacidad. Si usted no nos facilita correctamente toda la informaci\u00f3n que necesitamos, no podremos cursar su pedido correctamente. Usted podr\u00e1 identificar errores en los datos facilitados en los correos de confirmaci\u00f3n que le enviemos y, en su caso, corregirlos a trav\u00e9s del Servicio de Atenci\u00f3n al Cliente, a trav\u00e9s de nuestro email o llamando por tel\u00e9fono al 958 943 902.<\/p>\n<p>Al realizar un pedido a trav\u00e9s de la app de Academia Teba S.L., usted nos garantiza que est\u00e1 plenamente autorizado para utilizar la correspondiente tarjeta de cr\u00e9dito o d\u00e9bito, en caso de elegir dicha modalidad de pago. S\u00f3lo las personas con la capacidad jur\u00eddica necesaria para suscribir contratos relativos a la clase de bienes y servicios propuestos en esta app pueden realizar pedidos en Academia Teba S.L.<\/p>\n<p>Para realizar un pedido, deber\u00e1 seguir el proceso de compra online hasta el pago. Una vez completado el anterior proceso, recibir\u00e1 un correo electr\u00f3nico acusando recibo de su pedido (la \u201cConfirmaci\u00f3n de Pedido\u201d).<\/p>\n<p>\n<\/div><div class=\"kc-elm kc-css-539107\" style=\"height: 50px; clear: both; width:100%;\"><\/div>\n<div class=\"kc-elm kc-css-351352 kc-title-wrap \">\n\n\t<h4 class=\"kc_title\">Disponibilidad<\/h4>\n<\/div>\n<div class=\"kc-elm kc-css-68538 kc_text_block\"><\/p>\n<p>No se ofrecen productos sino pago por diferentes servicios, por lo que la disponibilidad de dichos servicios se pondr\u00e1 en la app.<\/p>\n<p>Si no desea un servicio siempre tendr\u00e1 una pol\u00edtica de devoluci\u00f3n asociada a dicho servicio descrita en la p\u00e1gina de compra para reembolsarle la cantidad que pudiera usted haber abonado menos los gastos de gesti\u00f3n o seg\u00fan fechas antes del servicio.<\/p>\n<p>\n<\/div><div class=\"kc-elm kc-css-822896\" style=\"height: 50px; clear: both; width:100%;\"><\/div>\n<div class=\"kc-elm kc-css-570855 kc-title-wrap \">\n\n\t<h4 class=\"kc_title\">Entrega<\/h4>\n<\/div>\n<div class=\"kc-elm kc-css-969574 kc_text_block\"><\/p>\n<p>Academia Teba S.L. vende servicios no productos, y se compromete a enviar los servicios comprados a su email.<\/p>\n<p>A efectos de las presentes Condiciones, se entender\u00e1 que se ha producido la \u201centrega\u201d o que el\/los producto\/s han sido \u201centregado\/s\u201d cuando el env\u00edo por email se ha realizado correctamente y no se ha producido por parte del cliente un contacto con Academia Teba S.L. indicando lo contrario.<\/p>\n<p>\n<\/div><div class=\"kc-elm kc-css-769305\" style=\"height: 50px; clear: both; width:100%;\"><\/div>\n<div class=\"kc-elm kc-css-644386 kc-title-wrap \">\n\n\t<h4 class=\"kc_title\">Precios<\/h4>\n<\/div>\n<div class=\"kc-elm kc-css-41275 kc_text_block\"><\/p>\n<p>Los precios de los productos ser\u00e1n los publicados en la app de Academia Teba S.L. en cada momento. Dichos precios incluyen el IVA en vigor. El precio debe ser pagado en su totalidad al efectuar la compra.<\/p>\n<p>Academia Teba S.L. se reserva el derecho de modificar en cualquier momento los precios de venta que figuran en la app, pero los servicios se facturar\u00e1n en base a las tarifas en vigor en el momento en el que se registre el pedido bajo reserva de disponibilidad en esa fecha.<\/p>\n<p>\n<\/div><div class=\"kc-elm kc-css-782968\" style=\"height: 50px; clear: both; width:100%;\"><\/div>\n<div class=\"kc-elm kc-css-678714 kc-title-wrap \">\n\n\t<h2 class=\"kc_title\">M\u00e9todos de pago<\/h2>\n<\/div>\n<div class=\"kc-elm kc-css-787966 kc_text_block\"><\/p>\n<p>El pago de los pedidos podr\u00e1 efectuarse utilizando las siguientes modalidades:<\/p>\n<ul>\n<li>Tarjeta Visa o Mastercard<\/li>\n<li>Transferencia o ingreso en cuenta bancaria<\/li>\n<\/ul>\n<p>Academia Teba S.L. se reserva el derecho a cambiar las modalidades de pago, pudiendo crear nuevas o eliminar alguna de las existentes, sin que el usuario\/cliente de Academia Teba S.L. pueda realizar reclamaciones por este motivo. No obstante, si el cambio en la modalidad de pago afectase a un pedido ya realizado, desde Academia Teba S.L. nos pondr\u00edamos en contacto con el cliente para informarle de dicho cambio, ofreci\u00e9ndole la opci\u00f3n de cancelar el pedido si lo considerase conveniente.<\/p>\n<p>El cargo en su tarjeta se realiza en tiempo real a trav\u00e9s de la pasarela de pago de la entidad financiera correspondiente y una vez se haya comprobado que los datos comunicados son correctos.<\/p>\n<p>Con el objetivo de dar la m\u00e1xima seguridad al proceso de pago Academia Teba S.L. utiliza sistemas de pago seguro de entidades financieras de primer orden. Puede encontrar informaci\u00f3n adicional sobre la seguridad de sus datos en el apartado pol\u00edtica de privacidad.<\/p>\n<p>Las tarjetas de cr\u00e9dito estar\u00e1n sujetas a comprobaciones y autorizaciones por parte de la entidad emisora de las mismas, pero si dicha entidad no autorizase el pago no nos haremos responsables por ning\u00fan retraso o falta de entrega y no podremos formalizar ning\u00fan Contrato con Usted.<\/p>\n<p>Academia Teba S.L. se reserva el derecho de verificar los datos personales suministrados por el cliente y adoptar las medidas que estime oportunas (incluida la cancelaci\u00f3n del pedido) para garantizar el cumplimiento de las presentes condiciones.<\/p>\n<p>\n<\/div><div class=\"kc-elm kc-css-842376\" style=\"height: 50px; clear: both; width:100%;\"><\/div>\n<div class=\"kc-elm kc-css-480184 kc-title-wrap \">\n\n\t<h4 class=\"kc_title\">Garant\u00eda de los productos\/servicios adquiridos<\/h4>\n<\/div>\n<div class=\"kc-elm kc-css-425729 kc_text_block\"><\/p>\n<p>Conforme al Real Decreto Legislativo 1\/2007 del 16 de noviembre, por el que se aprueba el texto refundido de la Ley General para la Defensa de los Consumidores y Usuarios, Academia Teba S.L. responde de las faltas de conformidad que se manifiesten en un plazo de dos a\u00f1os desde la entrega.<\/p>\n<p>En el caso de falta de conformidad, deber\u00e1 informarnos en el plazo de dos meses desde que tuvo conocimiento de ella a trav\u00e9s de nuestro email indicando sus datos, el n\u00famero de su factura de compra y la anomal\u00eda detectada. El incumplimiento de dicho plazo no supondr\u00e1 la p\u00e9rdida de la garant\u00eda, pero Usted ser\u00e1 no obstante responsable de los da\u00f1os o perjuicios ocasionados por el retraso en la comunicaci\u00f3n. En el caso de existir un defecto de fabricaci\u00f3n, Academia Teba S.L. se har\u00e1 responsable de los costes de devoluci\u00f3n, as\u00ed como de los gastos relacionados con la mano de obra y los materiales. Normalmente son servicios no productos f\u00edsicos, por lo que los costes ser\u00edan lo gastos de tramitaci\u00f3n bancarios.<\/p>\n<p>Para cualquier pregunta o solicitud de informaci\u00f3n, puede ponerse en contacto con el Servicio de Atenci\u00f3n al Cliente a trav\u00e9s de nuestro email o llamando por tel\u00e9fono al 958 943 902.<\/p>\n<p>El cargo en su tarjeta se realiza en tiempo real a trav\u00e9s de la pasarela de pago de la entidad financiera correspondiente y una vez se haya comprobado que los datos comunicados son correctos.<\/p>\n<p>Con el objetivo de dar la m\u00e1xima seguridad al proceso de pago Academia Teba S.L. utiliza sistemas de pago seguro de entidades financieras de primer orden. Puede encontrar informaci\u00f3n adicional sobre la seguridad de sus datos en el apartado pol\u00edtica de privacidad.<\/p>\n<p>Las tarjetas de cr\u00e9dito estar\u00e1n sujetas a comprobaciones y autorizaciones por parte de la entidad emisora de las mismas, pero si dicha entidad no autorizase el pago no nos haremos responsables por ning\u00fan retraso o falta de entrega y no podremos formalizar ning\u00fan Contrato con Usted.<\/p>\n<p>Academia Teba S.L. se reserva el derecho de verificar los datos personales suministrados por el cliente y adoptar las medidas que estime oportunas (incluida la cancelaci\u00f3n del pedido) para garantizar el cumplimiento de las presentes condiciones.<\/p>\n<p>\n<\/div><div class=\"kc-elm kc-css-890940\" style=\"height: 50px; clear: both; width:100%;\"><\/div>\n<div class=\"kc-elm kc-css-464865 kc-title-wrap \">\n\n\t<h4 class=\"kc_title\">Comentarios y sugerencias<\/h4>\n<\/div>\n<div class=\"kc-elm kc-css-616937 kc_text_block\"><\/p>\n<p>Estaremos encantados de recibir sus comentarios y sugerencias y a tal efecto le invitamos a utilizar nuestro email\u00a0<a href=\"mailto:info@academiateba.es\">info@academiateba.es<\/a>\u00a0o tel\u00e9fono de contacto 958 943 902.<\/p>\n<p>\n<\/div><div class=\"kc-elm kc-css-961056\" style=\"height: 50px; clear: both; width:100%;\"><\/div>\n<div class=\"kc-elm kc-css-207514 kc-title-wrap \">\n\n\t<h4 class=\"kc_title\">Plazos de entrega<\/h4>\n<\/div>\n<div class=\"kc-elm kc-css-436300 kc_text_block\"><\/p>\n<p>El plazo de entrega de cada servicio ser\u00e1 de forma inmediata por correo electr\u00f3nico que nos proporcione en el momento de la compra.<\/p>\n<p>\n<\/div><div class=\"kc-elm kc-css-650321\" style=\"height: 50px; clear: both; width:100%;\"><\/div>\n<div class=\"kc-elm kc-css-991194 kc-title-wrap \">\n\n\t<h4 class=\"kc_title\">Gastos de env\u00edo<\/h4>\n<\/div>\n<div class=\"kc-elm kc-css-50509 kc_text_block\"><\/p>\n<p>Los gastos de env\u00edo o manipulaci\u00f3n ser\u00e1n los publicados en la web en cada momento. Dichos gastos se a\u00f1adir\u00e1n al precio de los productos\/servicios y se mostrar\u00e1n claramente antes de la realizaci\u00f3n del pedido.<\/p>\n<p>\n<\/div><div class=\"kc-elm kc-css-759530\" style=\"height: 50px; clear: both; width:100%;\"><\/div>\n<div class=\"kc-elm kc-css-281899 kc-title-wrap \">\n\n\t<h2 class=\"kc_title\">Cancelaciones y devoluciones<\/h2>\n<\/div>\n<div class=\"kc-elm kc-css-170110\" style=\"height: 50px; clear: both; width:100%;\"><\/div>\n<div class=\"kc-elm kc-css-423922 kc-title-wrap \">\n\n\t<h4 class=\"kc_title\">Cancelaciones<\/h4>\n<\/div>\n<div class=\"kc-elm kc-css-424238 kc_text_block\"><\/p>\n<p>El Cliente podr\u00e1 solicitar la cancelaci\u00f3n de cualquier pedido conforme a las condiciones puntuales de cada servicio indicadas en el momento de la compra.<\/p>\n<p>La empresa acepta la cancelaci\u00f3n de \u00f3rdenes a trav\u00e9s del Servicio de Atenci\u00f3n al Cliente bien por correo electr\u00f3nico enviado a nuestro email info@academiateba.es o bien por tel\u00e9fono en el 958 943 902.<\/p>\n<p>\n<\/div><div class=\"kc-elm kc-css-65234\" style=\"height: 50px; clear: both; width:100%;\"><\/div>\n<div class=\"kc-elm kc-css-942042 kc-title-wrap \">\n\n\t<h4 class=\"kc_title\">Devoluciones de servicios<\/h4>\n<\/div>\n<div class=\"kc-elm kc-css-535930 kc_text_block\"><\/p>\n<p>En los casos en que usted considere que el servicio no se ajusta a lo estipulado, deber\u00e1 ponerse en contacto con nosotros de forma inmediata por medio de nuestro email o tel\u00e9fono, facilitando los datos del servicio as\u00ed como la causa.<\/p>\n<p>Una vez recibida la notificaci\u00f3n a Academia Teba S.L., nos pondremos en contacto con usted para informarle sobre como debe proceder.<\/p>\n<p>La devoluci\u00f3n se efectuar\u00e1 en la mismo m\u00e9todo de pago que se utiliz\u00f3 para pagar la compra o el m\u00e9todo que se acuerde entre cliente y Academia Teba S.L.<\/p>\n<p>Si usted tiene alguna duda, puede ponerse en contacto con nosotros a trav\u00e9s de nuestro email o bien llamando al 958 943 902.<\/p>\n<p>Quedan a salvo los derechos reconocidos por la legislaci\u00f3n vigente.<\/p>\n<p>\n<\/div><\/div><\/div><\/div><\/div><\/section>\n","protected":false},"excerpt":{"rendered":"","protected":false},"author":1,"featured_media":0,"parent":0,"menu_order":0,"comment_status":"closed","ping_status":"closed","template":"","meta":{"_exactmetrics_skip_tracking":false,"_exactmetrics_sitenote_active":false,"_exactmetrics_sitenote_note":"","_exactmetrics_sitenote_category":0,"footnotes":""},"class_list":["post-2523","page","type-page","status-publish","hentry"],"yoast_head":"<!-- This site is optimized with the Yoast SEO plugin v23.4 - https:\/\/yoast.com\/wordpress\/plugins\/seo\/ -->\n<title>Pol\u00edtica de venta, cancelaciones y m\u00e9todos de pago - App de Oposiciones de Guardia Civil - Academia Teba<\/title>\n<meta name=\"robots\" content=\"index, nofollow, max-snippet:-1, max-image-preview:large, max-video-preview:-1\" \/>\n<link rel=\"canonical\" href=\"https:\/\/www.academiateba.es\/app-guardia-civil\/politica-de-venta-cancelaciones-y-metodos-de-pago\/\" \/>\n<meta property=\"og:locale\" content=\"es_ES\" \/>\n<meta property=\"og:type\" content=\"article\" \/>\n<meta property=\"og:title\" content=\"Pol\u00edtica de venta, cancelaciones y m\u00e9todos de pago - App de Oposiciones de Guardia Civil - Academia Teba\" \/>\n<meta property=\"og:description\" content=\"Pol\u00edtica de venta Estas condiciones son importantes tanto para usted como para Academia Teba S.L. [&hellip;]\" \/>\n<meta property=\"og:url\" content=\"https:\/\/www.academiateba.es\/app-guardia-civil\/politica-de-venta-cancelaciones-y-metodos-de-pago\/\" \/>\n<meta property=\"og:site_name\" content=\"App de Oposiciones de Guardia Civil - Academia Teba\" \/>\n<meta property=\"article:modified_time\" content=\"2021-01-11T11:11:49+00:00\" \/>\n<meta name=\"twitter:card\" content=\"summary_large_image\" \/>\n<meta name=\"twitter:label1\" content=\"Tiempo de lectura\" \/>\n\t<meta name=\"twitter:data1\" content=\"8 minutos\" \/>\n<script type=\"application\/ld+json\" class=\"yoast-schema-graph\">{\"@context\":\"https:\/\/schema.org\",\"@graph\":[{\"@type\":\"WebPage\",\"@id\":\"https:\/\/www.academiateba.es\/app-guardia-civil\/politica-de-venta-cancelaciones-y-metodos-de-pago\/\",\"url\":\"https:\/\/www.academiateba.es\/app-guardia-civil\/politica-de-venta-cancelaciones-y-metodos-de-pago\/\",\"name\":\"Pol\u00edtica de venta, cancelaciones y m\u00e9todos de pago - App de Oposiciones de Guardia Civil - Academia Teba\",\"isPartOf\":{\"@id\":\"https:\/\/www.academiateba.es\/app-guardia-civil\/#website\"},\"datePublished\":\"2018-10-19T12:14:28+00:00\",\"dateModified\":\"2021-01-11T11:11:49+00:00\",\"breadcrumb\":{\"@id\":\"https:\/\/www.academiateba.es\/app-guardia-civil\/politica-de-venta-cancelaciones-y-metodos-de-pago\/#breadcrumb\"},\"inLanguage\":\"es\",\"potentialAction\":[{\"@type\":\"ReadAction\",\"target\":[\"https:\/\/www.academiateba.es\/app-guardia-civil\/politica-de-venta-cancelaciones-y-metodos-de-pago\/\"]}]},{\"@type\":\"BreadcrumbList\",\"@id\":\"https:\/\/www.academiateba.es\/app-guardia-civil\/politica-de-venta-cancelaciones-y-metodos-de-pago\/#breadcrumb\",\"itemListElement\":[{\"@type\":\"ListItem\",\"position\":1,\"name\":\"Portada\",\"item\":\"https:\/\/www.academiateba.es\/app-guardia-civil\/\"},{\"@type\":\"ListItem\",\"position\":2,\"name\":\"Pol\u00edtica de venta, cancelaciones y m\u00e9todos de pago\"}]},{\"@type\":\"WebSite\",\"@id\":\"https:\/\/www.academiateba.es\/app-guardia-civil\/#website\",\"url\":\"https:\/\/www.academiateba.es\/app-guardia-civil\/\",\"name\":\"App de Oposiciones de Guardia Civil - Academia Teba\",\"description\":\"Oposiciones de Guardia Civil de Academia Teba\",\"publisher\":{\"@id\":\"https:\/\/www.academiateba.es\/app-guardia-civil\/#organization\"},\"potentialAction\":[{\"@type\":\"SearchAction\",\"target\":{\"@type\":\"EntryPoint\",\"urlTemplate\":\"https:\/\/www.academiateba.es\/app-guardia-civil\/?s={search_term_string}\"},\"query-input\":{\"@type\":\"PropertyValueSpecification\",\"valueRequired\":true,\"valueName\":\"search_term_string\"}}],\"inLanguage\":\"es\"},{\"@type\":\"Organization\",\"@id\":\"https:\/\/www.academiateba.es\/app-guardia-civil\/#organization\",\"name\":\"App de Oposiciones de Guardia Civil - Academia Teba\",\"url\":\"https:\/\/www.academiateba.es\/app-guardia-civil\/\",\"logo\":{\"@type\":\"ImageObject\",\"inLanguage\":\"es\",\"@id\":\"https:\/\/www.academiateba.es\/app-guardia-civil\/#\/schema\/logo\/image\/\",\"url\":\"https:\/\/www.academiateba.es\/app-guardia-civil\/wp-content\/uploads\/2018\/10\/logo-app-academia-teba.png\",\"contentUrl\":\"https:\/\/www.academiateba.es\/app-guardia-civil\/wp-content\/uploads\/2018\/10\/logo-app-academia-teba.png\",\"width\":2013,\"height\":278,\"caption\":\"App de Oposiciones de Guardia Civil - Academia Teba\"},\"image\":{\"@id\":\"https:\/\/www.academiateba.es\/app-guardia-civil\/#\/schema\/logo\/image\/\"}}]}<\/script>\n<!-- \/ Yoast SEO plugin. -->","yoast_head_json":{"title":"Pol\u00edtica de venta, cancelaciones y m\u00e9todos de pago - App de Oposiciones de Guardia Civil - Academia Teba","robots":{"index":"index","follow":"nofollow","max-snippet":"max-snippet:-1","max-image-preview":"max-image-preview:large","max-video-preview":"max-video-preview:-1"},"canonical":"https:\/\/www.academiateba.es\/app-guardia-civil\/politica-de-venta-cancelaciones-y-metodos-de-pago\/","og_locale":"es_ES","og_type":"article","og_title":"Pol\u00edtica de venta, cancelaciones y m\u00e9todos de pago - App de Oposiciones de Guardia Civil - Academia Teba","og_description":"Pol\u00edtica de venta Estas condiciones son importantes tanto para usted como para Academia Teba S.L. [&hellip;]","og_url":"https:\/\/www.academiateba.es\/app-guardia-civil\/politica-de-venta-cancelaciones-y-metodos-de-pago\/","og_site_name":"App de Oposiciones de Guardia Civil - Academia Teba","article_modified_time":"2021-01-11T11:11:49+00:00","twitter_card":"summary_large_image","twitter_misc":{"Tiempo de lectura":"8 minutos"},"schema":{"@context":"https:\/\/schema.org","@graph":[{"@type":"WebPage","@id":"https:\/\/www.academiateba.es\/app-guardia-civil\/politica-de-venta-cancelaciones-y-metodos-de-pago\/","url":"https:\/\/www.academiateba.es\/app-guardia-civil\/politica-de-venta-cancelaciones-y-metodos-de-pago\/","name":"Pol\u00edtica de venta, cancelaciones y m\u00e9todos de pago - App de Oposiciones de Guardia Civil - Academia Teba","isPartOf":{"@id":"https:\/\/www.academiateba.es\/app-guardia-civil\/#website"},"datePublished":"2018-10-19T12:14:28+00:00","dateModified":"2021-01-11T11:11:49+00:00","breadcrumb":{"@id":"https:\/\/www.academiateba.es\/app-guardia-civil\/politica-de-venta-cancelaciones-y-metodos-de-pago\/#breadcrumb"},"inLanguage":"es","potentialAction":[{"@type":"ReadAction","target":["https:\/\/www.academiateba.es\/app-guardia-civil\/politica-de-venta-cancelaciones-y-metodos-de-pago\/"]}]},{"@type":"BreadcrumbList","@id":"https:\/\/www.academiateba.es\/app-guardia-civil\/politica-de-venta-cancelaciones-y-metodos-de-pago\/#breadcrumb","itemListElement":[{"@type":"ListItem","position":1,"name":"Portada","item":"https:\/\/www.academiateba.es\/app-guardia-civil\/"},{"@type":"ListItem","position":2,"name":"Pol\u00edtica de venta, cancelaciones y m\u00e9todos de pago"}]},{"@type":"WebSite","@id":"https:\/\/www.academiateba.es\/app-guardia-civil\/#website","url":"https:\/\/www.academiateba.es\/app-guardia-civil\/","name":"App de Oposiciones de Guardia Civil - Academia Teba","description":"Oposiciones de Guardia Civil de Academia Teba","publisher":{"@id":"https:\/\/www.academiateba.es\/app-guardia-civil\/#organization"},"potentialAction":[{"@type":"SearchAction","target":{"@type":"EntryPoint","urlTemplate":"https:\/\/www.academiateba.es\/app-guardia-civil\/?s={search_term_string}"},"query-input":{"@type":"PropertyValueSpecification","valueRequired":true,"valueName":"search_term_string"}}],"inLanguage":"es"},{"@type":"Organization","@id":"https:\/\/www.academiateba.es\/app-guardia-civil\/#organization","name":"App de Oposiciones de Guardia Civil - Academia Teba","url":"https:\/\/www.academiateba.es\/app-guardia-civil\/","logo":{"@type":"ImageObject","inLanguage":"es","@id":"https:\/\/www.academiateba.es\/app-guardia-civil\/#\/schema\/logo\/image\/","url":"https:\/\/www.academiateba.es\/app-guardia-civil\/wp-content\/uploads\/2018\/10\/logo-app-academia-teba.png","contentUrl":"https:\/\/www.academiateba.es\/app-guardia-civil\/wp-content\/uploads\/2018\/10\/logo-app-academia-teba.png","width":2013,"height":278,"caption":"App de Oposiciones de Guardia Civil - Academia Teba"},"image":{"@id":"https:\/\/www.academiateba.es\/app-guardia-civil\/#\/schema\/logo\/image\/"}}]}},"_links":{"self":[{"href":"https:\/\/www.academiateba.es\/app-guardia-civil\/wp-json\/wp\/v2\/pages\/2523"}],"collection":[{"href":"https:\/\/www.academiateba.es\/app-guardia-civil\/wp-json\/wp\/v2\/pages"}],"about":[{"href":"https:\/\/www.academiateba.es\/app-guardia-civil\/wp-json\/wp\/v2\/types\/page"}],"author":[{"embeddable":true,"href":"https:\/\/www.academiateba.es\/app-guardia-civil\/wp-json\/wp\/v2\/users\/1"}],"replies":[{"embeddable":true,"href":"https:\/\/www.academiateba.es\/app-guardia-civil\/wp-json\/wp\/v2\/comments?post=2523"}],"version-history":[{"count":3,"href":"https:\/\/www.academiateba.es\/app-guardia-civil\/wp-json\/wp\/v2\/pages\/2523\/revisions"}],"predecessor-version":[{"id":2767,"href":"https:\/\/www.academiateba.es\/app-guardia-civil\/wp-json\/wp\/v2\/pages\/2523\/revisions\/2767"}],"wp:attachment":[{"href":"https:\/\/www.academiateba.es\/app-guardia-civil\/wp-json\/wp\/v2\/media?parent=2523"}],"curies":[{"name":"wp","href":"https:\/\/api.w.org\/{rel}","templated":true}]}}